{"id":50,"date":"2021-01-28T14:04:38","date_gmt":"2021-01-28T13:04:38","guid":{"rendered":"http:\/\/location4.fr\/?page_id=50"},"modified":"2021-01-31T19:40:57","modified_gmt":"2021-01-31T18:40:57","slug":"bienvenue","status":"publish","type":"page","link":"https:\/\/www.location4.fr\/?page_id=50","title":{"rendered":"Pr\u00e9sentation"},"content":{"rendered":"\n<p class=\"has-medium-font-size\">Allrythmics est un orchestre de vari\u00e9t\u00e9 jouant exclusivement en live des musiques de style vari\u00e9 (Jazz, Ann\u00e9es 70\/80, Bavarois, musique suisse)<br><br>Le groupe est compos\u00e9 de 5 \u00e0 15 musiciens (suivant le style propos\u00e9) et notre r\u00e9pertoire est compos\u00e9 de plus de 800 morceaux rock, jazz, blues, funk, disco, dance music, country, typique, bossa, samba, salsa, lounge, ann\u00e9es 60, 70, 80, musette, new orleans, musique traditionnelle suisse (swiss music) et bavaroise (bayerische musik) avec cor des alpes etc..<\/p>\n\n\n\n<p class=\"has-medium-font-size\">Il convient bien pour des ambiances cocktail, concerts, soir\u00e9es \u00e0 theme, arbre noel, galas, palaces, comit\u00e9 d&rsquo;entreprise, tour op\u00e9rator, evenementiel, repas dansant, diners, ap\u00e9ro concert, Bal, Mariage, spectacle sur mesure&#8230;<\/p>\n\n\n\n<p class=\"has-medium-font-size\">Nous jouons principalement en France&nbsp;: Rhone alpes, Lyon, Annecy, Annemasse, Thonon, Evian, Haute Savoie&#8230;<br>et en Suisse Romande, Valais Vaud Geneve, Lausanne, Fribourg, Neuchatel, Vevey, Montreux&#8230;<\/p>\n\n\n\n<h2>Points forts<\/h2>\n\n\n\n<p class=\"has-medium-font-size\">Le but \u00e9tant de passer un moment convivial et de faire participer le public, nous nous d\u00e9pla\u00e7ons parmi les spectateurs avec des instruments acoustiques et traditionnels afin de faire d\u00e9couvrir notre univers.<br>Nous proposons \u00e9galement un petit spectacle dans divers styles musicaux.<br>Les musiciens sont poly instrumentistes et sp\u00e9cialis\u00e9s dans des styles tr\u00e8s diff\u00e9rents, chacun faisant partager son exp\u00e9rience \u00e0 la formation.<\/p>\n\n\n\n<p class=\"has-medium-font-size\">En r\u00e9sum\u00e9, voici comment d\u00e9finir ce site : Grand Orchestre de Vari\u00e9t\u00e9 Live Jazz, Orchestre pour Bal, Orchestre pour Mariages, Orchestre pour soir\u00e9e priv\u00e9e, Rock Traditionnel Disco Ann\u00e9es 60 70 80, France Suisse Haute Savoie Chablais, Lyon Chambery Annecy Annemasse Thonon Evian et Geneve Lausanne Montreux Vevey Fribourg Nyon.<\/p>\n","protected":false},"excerpt":{"rendered":"<p>Allrythmics est un orchestre de vari\u00e9t\u00e9 jouant exclusivement en live des musiques de style vari\u00e9 (Jazz, Ann\u00e9es 70\/80, Bavarois, musique suisse) Le groupe est compos\u00e9 de 5 \u00e0 15 musiciens (suivant le style propos\u00e9) et notre r\u00e9pertoire est compos\u00e9 de plus de 800 morceaux rock, jazz, blues, funk, disco, dance music, country, typique, bossa, samba, [&hellip;]<\/p>\n","protected":false},"author":1,"featured_media":0,"parent":0,"menu_order":0,"comment_status":"closed","ping_status":"closed","template":"","meta":{"podcast_url":"","podcast_explicit":"","podcast_captioned":false,"podcast_duration":"","podcast_filesize":0,"podcast_mime":"","enclosure":"","podcast_season_number":"","podcast_episode_number":"","podcast_episode_type":""},"_links":{"self":[{"href":"https:\/\/www.location4.fr\/index.php?rest_route=\/wp\/v2\/pages\/50"}],"collection":[{"href":"https:\/\/www.location4.fr\/index.php?rest_route=\/wp\/v2\/pages"}],"about":[{"href":"https:\/\/www.location4.fr\/index.php?rest_route=\/wp\/v2\/types\/page"}],"author":[{"embeddable":true,"href":"https:\/\/www.location4.fr\/index.php?rest_route=\/wp\/v2\/users\/1"}],"replies":[{"embeddable":true,"href":"https:\/\/www.location4.fr\/index.php?rest_route=%2Fwp%2Fv2%2Fcomments&post=50"}],"version-history":[{"count":10,"href":"https:\/\/www.location4.fr\/index.php?rest_route=\/wp\/v2\/pages\/50\/revisions"}],"predecessor-version":[{"id":482,"href":"https:\/\/www.location4.fr\/index.php?rest_route=\/wp\/v2\/pages\/50\/revisions\/482"}],"wp:attachment":[{"href":"https:\/\/www.location4.fr\/index.php?rest_route=%2Fwp%2Fv2%2Fmedia&parent=50"}],"curies":[{"name":"wp","href":"https:\/\/api.w.org\/{rel}","templated":true}]}}