{"id":587,"date":"2021-02-20T22:43:29","date_gmt":"2021-02-20T21:43:29","guid":{"rendered":"http:\/\/location4.fr\/?page_id=587"},"modified":"2021-02-20T23:36:15","modified_gmt":"2021-02-20T22:36:15","slug":"infos-du-jour","status":"publish","type":"page","link":"https:\/\/www.location4.fr\/?page_id=587","title":{"rendered":"Infos du jour"},"content":{"rendered":"<div data-colibri-id=\"587-c1\" class=\"style-291 style-local-587-c1 position-relative\">\n  <!---->\n  <div data-colibri-component=\"section\" data-colibri-id=\"587-c2\" id=\"initial-content\" class=\"h-section h-section-global-spacing d-flex align-items-lg-center align-items-md-center align-items-center style-292 style-local-587-c2 position-relative\">\n    <!---->\n    <!---->\n    <div class=\"h-section-grid-container h-section-boxed-container\">\n      <!---->\n      <div data-colibri-id=\"587-c3\" class=\"h-row-container gutters-row-lg-2 gutters-row-md-2 gutters-row-0 gutters-row-v-lg-2 gutters-row-v-md-2 gutters-row-v-2 style-302 style-local-587-c3 position-relative\">\n        <!---->\n        <div class=\"h-row justify-content-lg-center justify-content-md-center justify-content-center align-items-lg-stretch align-items-md-stretch align-items-stretch gutters-col-lg-2 gutters-col-md-2 gutters-col-0 gutters-col-v-lg-2 gutters-col-v-md-2 gutters-col-v-2\">\n          <!---->\n          <div class=\"h-column h-column-container d-flex h-col-lg-auto h-col-md-auto h-col-auto style-303-outer style-local-587-c4-outer\">\n            <div data-colibri-id=\"587-c4\" class=\"d-flex h-flex-basis h-column__inner h-px-lg-2 h-px-md-2 h-px-2 v-inner-lg-2 v-inner-md-2 v-inner-2 style-303 style-local-587-c4 position-relative\">\n              <!---->\n              <!---->\n              <div class=\"w-100 h-y-container h-column__content h-column__v-align flex-basis-100 align-self-lg-start align-self-md-start align-self-start\">\n                <!---->\n                <div data-colibri-id=\"587-c5\" class=\"h-text h-text-component style-298 style-local-587-c5 position-relative h-element\">\n                  <!---->\n                  <!---->\n                  <div class=\"\">\n                    <p>Apr\u00e8s une ann\u00e9e de confinement pass\u00e9e \u00e0 travailler les voix, nous pr\u00e9parons notre nouveau programme&nbsp; mettant \u00e9galement en valeur la section de cuivres.<\/p>\n                  <\/div>\n                <\/div>\n              <\/div>\n            <\/div>\n          <\/div>\n        <\/div>\n      <\/div>\n    <\/div>\n  <\/div>\n<\/div>","protected":false},"excerpt":{"rendered":"<p>Apr\u00e8s une ann\u00e9e de confinement pass\u00e9e \u00e0 travailler les voix, nous pr\u00e9parons notre nouveau programme&nbsp; mettant \u00e9galement en valeur la section de cuivres.<\/p>\n","protected":false},"author":1,"featured_media":0,"parent":0,"menu_order":0,"comment_status":"closed","ping_status":"closed","template":"page-templates\/full-width-page.php","meta":{"podcast_url":"","podcast_explicit":"","podcast_captioned":false,"podcast_duration":"","podcast_filesize":0,"podcast_mime":"","enclosure":"","podcast_season_number":"","podcast_episode_number":"","podcast_episode_type":""},"_links":{"self":[{"href":"https:\/\/www.location4.fr\/index.php?rest_route=\/wp\/v2\/pages\/587"}],"collection":[{"href":"https:\/\/www.location4.fr\/index.php?rest_route=\/wp\/v2\/pages"}],"about":[{"href":"https:\/\/www.location4.fr\/index.php?rest_route=\/wp\/v2\/types\/page"}],"author":[{"embeddable":true,"href":"https:\/\/www.location4.fr\/index.php?rest_route=\/wp\/v2\/users\/1"}],"replies":[{"embeddable":true,"href":"https:\/\/www.location4.fr\/index.php?rest_route=%2Fwp%2Fv2%2Fcomments&post=587"}],"version-history":[{"count":4,"href":"https:\/\/www.location4.fr\/index.php?rest_route=\/wp\/v2\/pages\/587\/revisions"}],"predecessor-version":[{"id":635,"href":"https:\/\/www.location4.fr\/index.php?rest_route=\/wp\/v2\/pages\/587\/revisions\/635"}],"wp:attachment":[{"href":"https:\/\/www.location4.fr\/index.php?rest_route=%2Fwp%2Fv2%2Fmedia&parent=587"}],"curies":[{"name":"wp","href":"https:\/\/api.w.org\/{rel}","templated":true}]}}